{"id":6921,"date":"2017-06-27T18:38:13","date_gmt":"2017-06-27T18:38:13","guid":{"rendered":"https:\/\/www.gestoriaportol.com\/vivienda\/"},"modified":"2019-04-20T14:27:03","modified_gmt":"2019-04-20T12:27:03","slug":"habitatge","status":"publish","type":"page","link":"https:\/\/www.gestoriaportol.com\/ca\/habitatge\/","title":{"rendered":"Habitatge"},"content":{"rendered":"<div class=\"seccion\">\n<h1>Habitatge<\/h1>\n<h2>Contractes<\/h2>\n<p>El contracte d&#8217;arrendament d&#8217;habitatge \u00e9s aquell en qu\u00e8 l&#8217;arrendador cedeix l&#8217;\u00fas i gaudi d&#8217;un habitatge per a \u00fas habitual i permanent de l&#8217;arrendatari, del seu c\u00f2njuge no separat legalment o de fet, o dels seus fills dependents, per un temps determinat i a canvi d&#8217;una renda. Aquest concepte tamb\u00e9 s&#8217;aplica al mobiliari, els trasters, les places de garatge i qualsevol altra depend\u00e8ncia, espai o servei que es cedeixen com accessoris a la finca arrendada.<\/p>\n<p>Per a la redacci\u00f3 del contracte d&#8217;arrendament es recomana la intervenci\u00f3 d&#8217;experts en mat\u00e8ria arrendat\u00edcia. Des de la Gestoria P\u00f2rtol li elaborarem contractes d&#8217;arrendaments ajustats a cada cas concret per tal de garantir un proc\u00e9s de lloguer segur i reeixit. A m\u00e9s, ens encarreguem de revisar contractes existents en recerca de possibles cl\u00e0usules abusives i il\u00b7legals, i d&#8217;assessorar durant el proc\u00e9s de renovaci\u00f3 d&#8217;aquests contractes.<\/p>\n<h2>Lloguer d\u2019habitatges<\/h2>\n<p>Llogar un habitatge, tant si ets arrendador o inquil\u00ed, comporta una s\u00e8rie de drets i obligacions, el compliment d\u2019aquestos sempre porta conseq\u00fc\u00e8ncies: enfrontaments entre les parts, conflictes contractuals i, en moltes ocasions, responsabilitats d&#8217;\u00edndole econ\u00f2mica o fins i tot legal. Per tant, resulta molt aconsellable comptar amb l&#8217;assessorament jur\u00eddic previ aix\u00ed com durant tota la vig\u00e8ncia de l&#8217;arrendament.<\/p>\n<p>Des de la Gestoria P\u00f2rtol l&#8217;assessorarem sobre qualsevol consulta que vulgui fer-nos referent al lloguer d&#8217;habitatges i farem totes les gestions i tr\u00e0mits necessaris per garantir l&#8217;\u00e8xit de qualsevol arrendament.\n<\/p><\/div>\n","protected":false},"excerpt":{"rendered":"<p>Habitatge Contractes El contracte d&#8217;arrendament d&#8217;habitatge \u00e9s aquell en qu\u00e8 l&#8217;arrendador cedeix l&#8217;\u00fas i gaudi d&#8217;un habitatge per a \u00fas habitual i permanent de l&#8217;arrendatari, del seu c\u00f2njuge no separat legalment o de fet, o dels seus fills dependents, per un temps determinat i a canvi d&#8217;una renda. Aquest concepte tamb\u00e9 s&#8217;aplica al mobiliari, els&#8230;<\/p>\n","protected":false},"author":2,"featured_media":0,"parent":0,"menu_order":0,"comment_status":"closed","ping_status":"closed","template":"","meta":{"footnotes":""},"class_list":["post-6921","page","type-page","status-publish","hentry"],"_links":{"self":[{"href":"https:\/\/www.gestoriaportol.com\/ca\/wp-json\/wp\/v2\/pages\/6921","targetHints":{"allow":["GET"]}}],"collection":[{"href":"https:\/\/www.gestoriaportol.com\/ca\/wp-json\/wp\/v2\/pages"}],"about":[{"href":"https:\/\/www.gestoriaportol.com\/ca\/wp-json\/wp\/v2\/types\/page"}],"author":[{"embeddable":true,"href":"https:\/\/www.gestoriaportol.com\/ca\/wp-json\/wp\/v2\/users\/2"}],"replies":[{"embeddable":true,"href":"https:\/\/www.gestoriaportol.com\/ca\/wp-json\/wp\/v2\/comments?post=6921"}],"version-history":[{"count":1,"href":"https:\/\/www.gestoriaportol.com\/ca\/wp-json\/wp\/v2\/pages\/6921\/revisions"}],"predecessor-version":[{"id":7075,"href":"https:\/\/www.gestoriaportol.com\/ca\/wp-json\/wp\/v2\/pages\/6921\/revisions\/7075"}],"wp:attachment":[{"href":"https:\/\/www.gestoriaportol.com\/ca\/wp-json\/wp\/v2\/media?parent=6921"}],"curies":[{"name":"wp","href":"https:\/\/api.w.org\/{rel}","templated":true}]}}