{"id":6916,"date":"2019-03-13T09:12:03","date_gmt":"2019-03-13T08:12:03","guid":{"rendered":"https:\/\/www.gestoriaportol.com\/obtencion-nacionalidad-espanola\/"},"modified":"2024-07-30T14:08:48","modified_gmt":"2024-07-30T12:08:48","slug":"obtencion-nacionalidad-espanola","status":"publish","type":"page","link":"https:\/\/www.gestoriaportol.com\/ca\/obtencion-nacionalidad-espanola\/","title":{"rendered":"Obtenci\u00f3n de nacionalidad espa\u00f1ola"},"content":{"rendered":"<section class=\"l-section wpb_row height_medium\"><div class=\"l-section-h i-cf\"><div class=\"g-cols vc_row via_flex valign_top type_default stacking_default\"><div class=\"vc_col-sm-12 wpb_column vc_column_container\"><div class=\"vc_column-inner\"><div class=\"wpb_wrapper\"><div class=\"wpb_text_column\"><div class=\"wpb_wrapper\"><div class=\"seccion\">\n<h1>Obtenci\u00f3n de nacionalidad espa\u00f1ola<\/h1>\n<h2>Tr\u00e1mitaci\u00f3n telem\u00e1tica de expedientes para la obtenci\u00f3n de la nacionalidad espa\u00f1ola por residencia<\/h2>\n<p>Desde la Gestor\u00eda P\u00f2rtol gestionamos todos los tr\u00e1mites para la obtenci\u00f3n de la nacionalidad espa\u00f1ola por residencia. Gracias a un convenio que se firm\u00f3 entre el Ministerio de Justicia y el Consejo General de Gestores Administrativos de Espa\u00f1a el 4 de mayo de 2016, podemos tramitar expedientes de nacionalidad por residencia telem\u00e1ticamente, agilizando el proceso y reduciendo al m\u00e1ximo los plazos de resoluci\u00f3n.<\/p>\n<p>Solicite informaci\u00f3n y presupuesto sin compromiso a trav\u00e9s del<a href=\"https:\/\/www.gestoriaportol.com\/ca\/contacto\/\"> mail de contacto o directamente en nuestras oficinas<\/a>.<\/p>\n<\/div>\n<\/div><\/div><\/div><\/div><\/div><\/div><\/div><\/section><section class=\"l-section wpb_row height_huge color_primary with_img parallax_ver\"><div class=\"l-section-img\" role=\"img\" aria-label=\"Imatge\" data-img-width=\"1920\" data-img-height=\"1280\" style=\"background-image: url(https:\/\/www.gestoriaportol.com\/wp-content\/uploads\/2019\/03\/obtencion-nacionalidad-espanola-por-residencia.jpg);background-position: top center;background-repeat: no-repeat;\"><\/div><div class=\"l-section-overlay\" style=\"background:rgba(255,25,35,0.47)\"><\/div><div class=\"l-section-h i-cf\"><div class=\"g-cols vc_row via_flex valign_top type_default stacking_default\"><div class=\"vc_col-sm-12 wpb_column vc_column_container\"><div class=\"vc_column-inner\"><div class=\"wpb_wrapper\"><div class=\"wpb_text_column\"><div class=\"wpb_wrapper\"><p style=\"text-align: center; font-size: 50px; line-height: 55px;\"><strong>TRAMITACI\u00d3N R\u00c1PIDA<br \/>\n<\/strong><\/p>\n<\/div><\/div><\/div><\/div><\/div><\/div><\/div><\/section>\n","protected":false},"excerpt":{"rendered":"Obtenci\u00f3n de nacionalidad espa\u00f1ola Tr\u00e1mitaci\u00f3n telem\u00e1tica de expedientes para la obtenci\u00f3n de la nacionalidad espa\u00f1ola por residencia Desde la Gestor\u00eda P\u00f2rtol gestionamos todos los tr\u00e1mites para la obtenci\u00f3n de la nacionalidad espa\u00f1ola por residencia. Gracias a un convenio que se firm\u00f3 entre el Ministerio de Justicia y el Consejo General de Gestores Administrativos de Espa\u00f1a...","protected":false},"author":1,"featured_media":0,"parent":0,"menu_order":0,"comment_status":"closed","ping_status":"closed","template":"","meta":{"footnotes":""},"class_list":["post-6916","page","type-page","status-publish","hentry"],"_links":{"self":[{"href":"https:\/\/www.gestoriaportol.com\/ca\/wp-json\/wp\/v2\/pages\/6916","targetHints":{"allow":["GET"]}}],"collection":[{"href":"https:\/\/www.gestoriaportol.com\/ca\/wp-json\/wp\/v2\/pages"}],"about":[{"href":"https:\/\/www.gestoriaportol.com\/ca\/wp-json\/wp\/v2\/types\/page"}],"author":[{"embeddable":true,"href":"https:\/\/www.gestoriaportol.com\/ca\/wp-json\/wp\/v2\/users\/1"}],"replies":[{"embeddable":true,"href":"https:\/\/www.gestoriaportol.com\/ca\/wp-json\/wp\/v2\/comments?post=6916"}],"version-history":[{"count":1,"href":"https:\/\/www.gestoriaportol.com\/ca\/wp-json\/wp\/v2\/pages\/6916\/revisions"}],"predecessor-version":[{"id":7223,"href":"https:\/\/www.gestoriaportol.com\/ca\/wp-json\/wp\/v2\/pages\/6916\/revisions\/7223"}],"wp:attachment":[{"href":"https:\/\/www.gestoriaportol.com\/ca\/wp-json\/wp\/v2\/media?parent=6916"}],"curies":[{"name":"wp","href":"https:\/\/api.w.org\/{rel}","templated":true}]}}