{"id":6912,"date":"2017-06-27T18:30:17","date_gmt":"2017-06-27T18:30:17","guid":{"rendered":"https:\/\/www.gestoriaportol.com\/inscripciones-y-tramites\/"},"modified":"2019-04-20T14:41:39","modified_gmt":"2019-04-20T12:41:39","slug":"inscripcions-i-tramits-en-el-registre-civil","status":"publish","type":"page","link":"https:\/\/www.gestoriaportol.com\/ca\/inscripcions-i-tramits-en-el-registre-civil\/","title":{"rendered":"Inscripcions i tr\u00e0mits"},"content":{"rendered":"<div class=\"seccion\">\n<h1>Inscripcions i tr\u00e0mits en el Registre Civil<\/h1>\n<p>Compet\u00e8ncies del Registre Civil<\/p>\n<p>El Registre Civil \u00e9s un organisme administratiu o servei p\u00fablic, encarregat de deixar const\u00e0ncia dels fets o actes relatius a l&#8217;estat civil de les persones naturals, aix\u00ed com altres que les lleis li encomanin.<\/p>\n<p>Al Registre Civil s&#8217;inscriuen els naixements, la filiaci\u00f3, el nom i cognom de les persones, les morts reals o presumptes (desconeixement, naufragi, etc), els matrimonis. Aix\u00ed mateix, pot correspondre, segons el pa\u00eds, el registre de les guardes, la p\u00e0tria potestat, les emancipacions i les nacionalitzacions.<\/p>\n<p>El Registre Civil Central a Madrid \u00e9s un registre dependent del Ministeri de Just\u00edcia on s&#8217;inscriuen els fets per a la inscripci\u00f3 no resulti competent cap altre registre i aquells que no puguin inscriure per conc\u00f3rrer circumst\u00e0ncies excepcionals que impedeixin el funcionament del Registre corresponent.<\/p>\n<p>Entre d&#8217;altres en el Registre Civil Central de Madrid s&#8217;inscriuen fets com el naixement d&#8217;espanyols ocorreguts a l&#8217;estranger, naixement d&#8217;estrangers que adquireixen la nacionalitat espanyola, el naixement i l&#8217;adopci\u00f3 constitu\u00efda a l&#8217;estranger, modificacions de nacionalitat i ve\u00efnatge de persones nascudes a l&#8217;estranger, la defunci\u00f3 d&#8217;espanyols ocorreguda a l&#8217;estranger, etc.<\/p>\n<p>A trav\u00e9s de la Gestoria P\u00f2rtol pot realitzar tots els tr\u00e0mits referents al Registre Civil, sense necessitat d&#8217;haver de realitzar despla\u00e7aments innecessaris i costosos. Demani informaci\u00f3 i pressupost sense comprom\u00eds a trav\u00e9s del mail de contacte o directament a les nostres oficines.<\/p>\n<div>\n","protected":false},"excerpt":{"rendered":"<p>Inscripcions i tr\u00e0mits en el Registre Civil Compet\u00e8ncies del Registre Civil El Registre Civil \u00e9s un organisme administratiu o servei p\u00fablic, encarregat de deixar const\u00e0ncia dels fets o actes relatius a l&#8217;estat civil de les persones naturals, aix\u00ed com altres que les lleis li encomanin. Al Registre Civil s&#8217;inscriuen els naixements, la filiaci\u00f3, el nom&#8230;<\/p>\n","protected":false},"author":2,"featured_media":0,"parent":0,"menu_order":0,"comment_status":"closed","ping_status":"closed","template":"","meta":{"footnotes":""},"class_list":["post-6912","page","type-page","status-publish","hentry"],"_links":{"self":[{"href":"https:\/\/www.gestoriaportol.com\/ca\/wp-json\/wp\/v2\/pages\/6912","targetHints":{"allow":["GET"]}}],"collection":[{"href":"https:\/\/www.gestoriaportol.com\/ca\/wp-json\/wp\/v2\/pages"}],"about":[{"href":"https:\/\/www.gestoriaportol.com\/ca\/wp-json\/wp\/v2\/types\/page"}],"author":[{"embeddable":true,"href":"https:\/\/www.gestoriaportol.com\/ca\/wp-json\/wp\/v2\/users\/2"}],"replies":[{"embeddable":true,"href":"https:\/\/www.gestoriaportol.com\/ca\/wp-json\/wp\/v2\/comments?post=6912"}],"version-history":[{"count":2,"href":"https:\/\/www.gestoriaportol.com\/ca\/wp-json\/wp\/v2\/pages\/6912\/revisions"}],"predecessor-version":[{"id":7086,"href":"https:\/\/www.gestoriaportol.com\/ca\/wp-json\/wp\/v2\/pages\/6912\/revisions\/7086"}],"wp:attachment":[{"href":"https:\/\/www.gestoriaportol.com\/ca\/wp-json\/wp\/v2\/media?parent=6912"}],"curies":[{"name":"wp","href":"https:\/\/api.w.org\/{rel}","templated":true}]}}