{"id":6904,"date":"2017-06-26T16:30:36","date_gmt":"2017-06-26T14:30:36","guid":{"rendered":"https:\/\/www.gestoriaportol.com\/asesoria-juridica\/"},"modified":"2019-04-19T20:00:39","modified_gmt":"2019-04-19T18:00:39","slug":"departament-juridic","status":"publish","type":"page","link":"https:\/\/www.gestoriaportol.com\/ca\/departament-juridic\/","title":{"rendered":"Departament Jur\u00eddic"},"content":{"rendered":"<h2><strong>Departament Jur\u00eddic<\/strong><\/h2>\n<p>A la Gestoria P\u00f2rtol disposem d&#8217;un equip jur\u00eddic format per professionals altament qualificats i amb una \u00e0mplia experi\u00e8ncia en el sector, que atendran totes les seves consultes legals i l&#8217;assessoraran de manera personalitzada sobre qualsevol aspecte jur\u00eddic que vulgui tractar.<\/p>\n<h6><strong>Serveis:<\/strong><\/h6>\n<ul>\n<li>Assist\u00e8ncia i defensa en judicis.<\/li>\n<li>Recursos administratius i Contenci\u00f3s Administratius.<\/li>\n<li>Confecci\u00f3 de contractes d&#8217;arrendaments urbans d&#8217;acord amb la Llei d&#8217;Arrendaments Urbans.<\/li>\n<li>Preparaci\u00f3, confecci\u00f3 i tramitaci\u00f3 de separacions, divorcis i convenis reguladors dels mateixos.<\/li>\n<\/ul>\n","protected":false},"excerpt":{"rendered":"<p>Departament Jur\u00eddic A la Gestoria P\u00f2rtol disposem d&#8217;un equip jur\u00eddic format per professionals altament qualificats i amb una \u00e0mplia experi\u00e8ncia en el sector, que atendran totes les seves consultes legals i l&#8217;assessoraran de manera personalitzada sobre qualsevol aspecte jur\u00eddic que vulgui tractar. Serveis: Assist\u00e8ncia i defensa en judicis. Recursos administratius i Contenci\u00f3s Administratius. Confecci\u00f3 de&#8230;<\/p>\n","protected":false},"author":2,"featured_media":0,"parent":0,"menu_order":0,"comment_status":"closed","ping_status":"closed","template":"","meta":{"footnotes":""},"class_list":["post-6904","page","type-page","status-publish","hentry"],"_links":{"self":[{"href":"https:\/\/www.gestoriaportol.com\/ca\/wp-json\/wp\/v2\/pages\/6904","targetHints":{"allow":["GET"]}}],"collection":[{"href":"https:\/\/www.gestoriaportol.com\/ca\/wp-json\/wp\/v2\/pages"}],"about":[{"href":"https:\/\/www.gestoriaportol.com\/ca\/wp-json\/wp\/v2\/types\/page"}],"author":[{"embeddable":true,"href":"https:\/\/www.gestoriaportol.com\/ca\/wp-json\/wp\/v2\/users\/2"}],"replies":[{"embeddable":true,"href":"https:\/\/www.gestoriaportol.com\/ca\/wp-json\/wp\/v2\/comments?post=6904"}],"version-history":[{"count":2,"href":"https:\/\/www.gestoriaportol.com\/ca\/wp-json\/wp\/v2\/pages\/6904\/revisions"}],"predecessor-version":[{"id":7023,"href":"https:\/\/www.gestoriaportol.com\/ca\/wp-json\/wp\/v2\/pages\/6904\/revisions\/7023"}],"wp:attachment":[{"href":"https:\/\/www.gestoriaportol.com\/ca\/wp-json\/wp\/v2\/media?parent=6904"}],"curies":[{"name":"wp","href":"https:\/\/api.w.org\/{rel}","templated":true}]}}