{"id":6903,"date":"2017-06-26T16:32:42","date_gmt":"2017-06-26T14:32:42","guid":{"rendered":"https:\/\/www.gestoriaportol.com\/asesoria-fiscal\/"},"modified":"2019-04-19T20:08:46","modified_gmt":"2019-04-19T18:08:46","slug":"departament-fiscal","status":"publish","type":"page","link":"https:\/\/www.gestoriaportol.com\/ca\/departament-fiscal\/","title":{"rendered":"Departament Fiscal"},"content":{"rendered":"<h2>Departament Fiscal<\/h2>\n<p>El Departament d&#8217;Assessoria Fiscal de la Gestoria P\u00f2rtol presta el servei d&#8217;assessorament de tota la problem\u00e0tica fiscal que pot presentar l&#8217;activitat empresarial o professional realitzada pels nostres clients.<\/p>\n<p>Disposem d&#8217;un equip professional que compta amb una \u00e0mplia experi\u00e8ncia en l&#8217;\u00e0rea fiscal, que li oferir\u00e0 un tracte de qualitat i personalitzat per a cada client.<\/p>\n<h3>Serveis:<\/h3>\n<ul>\n<li>Assessoria Integral d&#8217;Empreses, tant a Societats Mercantils com a Persones F\u00edsiques.<\/li>\n<li>Constituci\u00f3 de Societats i altres Escriptures P\u00fabliques d&#8217;acords Socials.<\/li>\n<li>Confecci\u00f3 de Contractes mercantils i civils.<\/li>\n<li>Gesti\u00f3 d&#8217;Empreses en el sistema de M\u00f2duls.<\/li>\n<li>Assessorament fiscal per a la presentaci\u00f3 de l&#8217;Impost de Societats. Confecci\u00f3 i presentaci\u00f3 dels impostos sobre Societats actuals i d&#8217;exercicis anteriors per mitjans telem\u00e0tics. Model 200.<\/li>\n<li>Assessoria Fiscal per presentar l&#8217;Impost de l&#8217;IVA. Confecci\u00f3 i presentaci\u00f3 dels models trimestrals d&#8217;IVA i resum anual corresponent de manera presencial o per mitjans telem\u00e0tics. Models 303, 310, 311, 390.<\/li>\n<li>Operacions Intracomunit\u00e0ries. Confecci\u00f3 i presentaci\u00f3 telem\u00e0tica del Model 349.<\/li>\n<li>Assessoria Fiscal a l&#8217;hora de presentar l&#8217;Impost de la Renda sobre Persones F\u00edsiques, retencions i pagaments a compte. Confecci\u00f3 i presentaci\u00f3 dels models trimestrals i resums anuals corresponents. Models 110, 190, 115, 180, 130, 131.<\/li>\n<li>Declaraci\u00f3 anual d&#8217;operacions amb tercers. Model 347.<\/li>\n<li>Assessoria fiscal en l&#8217;Impost de successions i donacions. Confecci\u00f3 i presentaci\u00f3 de Testament\u00e0ries.<\/li>\n<li>Impostos municipals. Impost sobre B\u00e9ns Immobles, Plusv\u00e0lues, Impost sobre Vehicles de Tracci\u00f3 Mec\u00e0nica, taxa d&#8217;escombraries, etc.<\/li>\n<li>Impost sobre Transmissions Patrimonials i actes jur\u00eddics documentats a presentar a l&#8217;Ag\u00e8ncia Tribut\u00e0ria de les Illes Balears.<\/li>\n<li>Presentaci\u00f3 telem\u00e0tica a trav\u00e9s de l&#8217;Ag\u00e8ncia Tribut\u00e0ria de qualsevol model vigent.<\/li>\n<li>Assessorament fiscal i assist\u00e8ncia davant inspeccions de l&#8217;Ag\u00e8ncia Tribut\u00e0ria.<\/li>\n<li>Reclamacions contenci\u00f3s-administratives.<\/li>\n<\/ul>\n","protected":false},"excerpt":{"rendered":"<p>Departament Fiscal El Departament d&#8217;Assessoria Fiscal de la Gestoria P\u00f2rtol presta el servei d&#8217;assessorament de tota la problem\u00e0tica fiscal que pot presentar l&#8217;activitat empresarial o professional realitzada pels nostres clients. Disposem d&#8217;un equip professional que compta amb una \u00e0mplia experi\u00e8ncia en l&#8217;\u00e0rea fiscal, que li oferir\u00e0 un tracte de qualitat i personalitzat per a cada&#8230;<\/p>\n","protected":false},"author":2,"featured_media":0,"parent":0,"menu_order":0,"comment_status":"closed","ping_status":"closed","template":"","meta":{"footnotes":""},"class_list":["post-6903","page","type-page","status-publish","hentry"],"_links":{"self":[{"href":"https:\/\/www.gestoriaportol.com\/ca\/wp-json\/wp\/v2\/pages\/6903","targetHints":{"allow":["GET"]}}],"collection":[{"href":"https:\/\/www.gestoriaportol.com\/ca\/wp-json\/wp\/v2\/pages"}],"about":[{"href":"https:\/\/www.gestoriaportol.com\/ca\/wp-json\/wp\/v2\/types\/page"}],"author":[{"embeddable":true,"href":"https:\/\/www.gestoriaportol.com\/ca\/wp-json\/wp\/v2\/users\/2"}],"replies":[{"embeddable":true,"href":"https:\/\/www.gestoriaportol.com\/ca\/wp-json\/wp\/v2\/comments?post=6903"}],"version-history":[{"count":3,"href":"https:\/\/www.gestoriaportol.com\/ca\/wp-json\/wp\/v2\/pages\/6903\/revisions"}],"predecessor-version":[{"id":7028,"href":"https:\/\/www.gestoriaportol.com\/ca\/wp-json\/wp\/v2\/pages\/6903\/revisions\/7028"}],"wp:attachment":[{"href":"https:\/\/www.gestoriaportol.com\/ca\/wp-json\/wp\/v2\/media?parent=6903"}],"curies":[{"name":"wp","href":"https:\/\/api.w.org\/{rel}","templated":true}]}}