{"id":6900,"date":"2018-02-09T19:59:51","date_gmt":"2018-02-09T18:59:51","guid":{"rendered":"https:\/\/www.gestoriaportol.com\/clausula-de-privacidad\/"},"modified":"2018-02-09T19:59:51","modified_gmt":"2018-02-09T18:59:51","slug":"clausula-de-privacidad","status":"publish","type":"page","link":"https:\/\/www.gestoriaportol.com\/ca\/clausula-de-privacidad\/","title":{"rendered":"Clausula de privacidad"},"content":{"rendered":"<p>1 \u2013 POLITICA DE PROTECCION DE DATOS DE CAR\u00c1CTER PERSONAL<\/p>\n<p>1.1.A los efectos de lo dispuesto en la Ley Org\u00e1nica 3\/2018, de 5 de diciembre, de Protecci\u00f3n de Datos Personales y garant\u00eda de los derechos digitales (LOPD-GDD), GESTORIA ADMINISTRATIVA P\u00d2RTOL, S.L.P. informa al Usuario de la existencia de un varios ficheros mixtos de datos de car\u00e1cter personal denominados CLIENTES \/USUARIOS WEB creados con los datos obtenidos en la Web por y para GESTORIA ADMINISTRATIVA P\u00d2RTOL, S.L.P. y bajo su responsabilidad, con las finalidades de informaci\u00f3n y prestaci\u00f3n de los servicios ofrecidos en la p\u00e1gina web. Dichos ficheros se hallan inscrito en el Registro General de la Agencia de Protecci\u00f3n de Datos.<\/p>\n<p>La Ley Org\u00e1nica 3\/2018, de 5 de diciembre, de Protecci\u00f3n de Datos Personales y garant\u00eda de los derechos digitales (LOPD-GDD) es una ley org\u00e1nica aprobada por las Cortes Generales de Espa\u00f1a que tiene por objeto adaptar el Derecho interno espa\u00f1ol al Reglamento General de Protecci\u00f3n de Datos. Esta ley org\u00e1nica deroga a la anterior Ley Org\u00e1nica 15\/1999 de Protecci\u00f3n de Datos de Car\u00e1cter Personal (aunque se mantiene vigente para la regulaci\u00f3n de ciertas actividades).Esta ley entr\u00f3 en vigor el 7 de diciembre de 2018.<\/p>\n<p>1.2 El cliente acepta expresamente la inclusi\u00f3n de los datos recabados durante la navegaci\u00f3n por la p\u00e1gina, o proporcionados mediante la cumplimentaci\u00f3n de cualquier formulario, as\u00ed como los derivados de una posible relaci\u00f3n comercial, en los ficheros automatizado de datos de car\u00e1cter personal referidos en el apartado primero. Durante el proceso de recogida de datos y en cada lugar de la Web en el que se soliciten dichos datos, el cliente ser\u00e1 informado, ya sea mediante un hyperlink, ya sea mediante la inclusi\u00f3n de las menciones oportunas en el propio formulario, de car\u00e1cter obligatorio o no de recogida de tales datos. A todo cliente que decide registrarse en la p\u00e1gina web de nuestra empresa, le solicitamos los datos necesarios para los fines a los que est\u00e1 destinado la empresa, que no es otro que es la prestaci\u00f3n de los servicios y\/o venta de productos contratados.<\/p>\n<p>1.3 El cliente podr\u00e1 ejercitar, respecto de los datos recabados en la forma prevista en el apartado anterior, los derechos reconocidos en la Ley Org\u00e1nica 15\/1999, y en particular los derechos de acceso, rectificaci\u00f3n o cancelaci\u00f3n de datos y oposici\u00f3n, siempre que resultase pertinente, as\u00ed como el de revocaci\u00f3n del consentimiento para la cesi\u00f3n de sus datos o para cualquiera de los usos se\u00f1alados. Los derechos referidos en el p\u00e1rrafo precedente, podr\u00e1n ejercitarse por cada cliente a trav\u00e9s de un formulario de solicitud de cancelaci\u00f3n que nos solicitar\u00e1 por correo electr\u00f3nico. La solicitud escrita y firmada podr\u00e1 enviarla por correo postal a la siguiente direcci\u00f3n: P\u00d2RTOL ASSESSORS, S.L., con domicilio en C\/ GRAN VIA ASIMA, 15, 1R (POL\u00cdGON SON CASTELL\u00d3) 07009 PALMA DE MALLORCA, BALEARES, adjuntando en ambos casos fotocopia del DNI del cliente.<\/p>\n<p>1.4 GESTORIA ADMINISTRATIVA P\u00d2RTOL, S.L.P.informa que si un CLIENTE quiere registrarse en la Web , se le van a pedir toda una serie de datos como cumplimentaci\u00f3n obligatoria tal y como ya hemos comentado anteriormente, por lo cual si no se aportan\/cumplimentan dichos datos no tendr\u00e1 lugar el alta en la p\u00e1gina web de GESTORIA ADMINISTRATIVA P\u00d2RTOL, S.L.P.Ser\u00e1 obligaci\u00f3n de todos los clientes garantizar que la informaci\u00f3n que se aporte sea exacta y que est\u00e9 actualizada.<\/p>\n<p>1.5 El CLIENTE acepta que pueda utilizar cookies y seguimiento de IP\u00b4s con el fin de recoger datos a efectos estad\u00edsticos.<\/p>\n<p>1.6 GESTORIA ADMINISTRATIVA P\u00d2RTOL, S.L.P.se compromete en la utilizaci\u00f3n de los datos incluidos en los ficheros anteriormente referidos, a respetar su confidencialidad y a utilizarlos de acuerdo con la finalidad del fichero, as\u00ed como a dar cumplimiento a su obligaci\u00f3n de guardarlos y adaptar todas las medidas para evitar la alteraci\u00f3n, p\u00e9rdida, tratamiento o acceso no autorizado, de acuerdo con lo establecido por el Real Decreto 1720\/2007 por el que se aprueba el reglamento que desarrolla la LOPD.<\/p>\n<p>1.7 Los datos de car\u00e1cter personal que nos proporcione ser\u00e1n objeto de tratamiento automatizado e incorporados a los ficheros automatizados de P\u00d2RTOL ASSESSORS, S.L., siendo esta Sociedad titular y responsable de sus propios ficheros, los cuales, conforme a la normativa vigente, se encuentran debidamente registrados en el Registro General de la Agencia de Protecci\u00f3n de Datos. En los formularios del Registro donde se recaben datos de car\u00e1cter personal, se se\u00f1alar\u00e1n los distintos campos cuya cumplimentaci\u00f3n es necesaria para realizar el registro correspondiente. As\u00ed, salvo que se indique lo contrario las respuestas a las preguntas sobre datos personales son voluntarias, sin que la falta de contestaci\u00f3n a dichas preguntas implique una merma en la calidad o cantidad de los servicios correspondientes, a menos que se indique otra cosa.<\/p>\n<p>1.8 El tratamiento automatizado a que ser\u00e1n sometidos todos los datos de car\u00e1cter personal recogidos como consecuencia de la solicitud, utilizaci\u00f3n, contrataci\u00f3n de cualquier producto o servicio o de cualquier transacci\u00f3n u operaci\u00f3n realizada a trav\u00e9s de esta p\u00e1gina web tiene como finalidad principal el mantenimiento de la relaci\u00f3n contractual en su caso establecida con el propietario de esta p\u00e1gina web.<\/p>\n<p>1.9 El cliente y\/o usuario acepta que la web pueda utilizar cookies. Todo ello de conformidad con el art 22.2 de la ley 34\/2002, de 11 de julio, de servicios de la sociedad de la informaci\u00f3n y de comercio electr\u00f3nico que se modifica en virtud del art 4 real decreto-ley 13\/2012, con su nueva redacci\u00f3n. Que se regula en la pol\u00edtica de cookies.<\/p>\n<p>1.10 El cliente y\/o usuario web acepta expresamente que sus datos de car\u00e1cter personal sean utilizados para la gesti\u00f3n, administraci\u00f3n, prestaci\u00f3n, ampliaci\u00f3n y mejora de los servicios aceptando expresamente la recepci\u00f3n de boletines informativos, sus datos s\u00f3lo ser\u00e1n utilizados para gestionar el env\u00edo de este bolet\u00edn.<\/p>\n<p>1.11 Usted autoriza el env\u00edo de publicidad respecto a nuestros servicios y productos de manera sus datos s\u00f3lo ser\u00e1n utilizados para gestionar el env\u00edo de publicidad a trav\u00e9s de medios tradicionales o electr\u00f3nicos. En el caso de las Direcci\u00f3nCompletaes de correo electr\u00f3nico o formulario de contacto de la p\u00e1gina web, los datos que nos proporcione a trav\u00e9s de los mismos, ser\u00e1n utilizados exclusivamente para atender las consultas que nos plantee por este medio. Todo ello de conformidad con el art 22.1 y 22.2 de la ley 34\/2002, de 11 de julio, de servicios de la sociedad de la informaci\u00f3n y de comercio electr\u00f3nico que se modifica en virtud del art 4 Real Decreto-Ley 13\/2012, con su nueva redacci\u00f3n.<\/p>\n<p>1.12 La entidad garantiza la confidencialidad de los datos de car\u00e1cter personal. Ello no obstante, revelar\u00e1 a las autoridades p\u00fablicas competentes los datos personales y cualquier otra informaci\u00f3n que est\u00e9 en su poder o sea accesible a trav\u00e9s de sus sistemas y sea requerida de conformidad con las disposiciones legales y reglamentarias aplicables al caso. Los datos de car\u00e1cter personal podr\u00e1n ser conservados en los ficheros titularidad de GESTORIA ADMINISTRATIVA P\u00d2RTOL, S.L.P.incluso una vez finalizadas las relaciones formalizadas a trav\u00e9s de la p\u00e1gina web de la empresa, exclusivamente a los fines indicados anteriormente y, en todo caso, durante los plazos legalmente establecidos, a disposici\u00f3n de autoridades administrativas o judiciales.<\/p>\n","protected":false},"excerpt":{"rendered":"<p>1 \u2013 POLITICA DE PROTECCION DE DATOS DE CAR\u00c1CTER PERSONAL 1.1.A los efectos de lo dispuesto en la Ley Org\u00e1nica 3\/2018, de 5 de diciembre, de Protecci\u00f3n de Datos Personales y garant\u00eda de los derechos digitales (LOPD-GDD), GESTORIA ADMINISTRATIVA P\u00d2RTOL, S.L.P. informa al Usuario de la existencia de un varios ficheros mixtos de datos de&#8230;<\/p>\n","protected":false},"author":2,"featured_media":0,"parent":0,"menu_order":0,"comment_status":"closed","ping_status":"closed","template":"","meta":{"footnotes":""},"class_list":["post-6900","page","type-page","status-publish","hentry"],"_links":{"self":[{"href":"https:\/\/www.gestoriaportol.com\/ca\/wp-json\/wp\/v2\/pages\/6900","targetHints":{"allow":["GET"]}}],"collection":[{"href":"https:\/\/www.gestoriaportol.com\/ca\/wp-json\/wp\/v2\/pages"}],"about":[{"href":"https:\/\/www.gestoriaportol.com\/ca\/wp-json\/wp\/v2\/types\/page"}],"author":[{"embeddable":true,"href":"https:\/\/www.gestoriaportol.com\/ca\/wp-json\/wp\/v2\/users\/2"}],"replies":[{"embeddable":true,"href":"https:\/\/www.gestoriaportol.com\/ca\/wp-json\/wp\/v2\/comments?post=6900"}],"version-history":[{"count":0,"href":"https:\/\/www.gestoriaportol.com\/ca\/wp-json\/wp\/v2\/pages\/6900\/revisions"}],"wp:attachment":[{"href":"https:\/\/www.gestoriaportol.com\/ca\/wp-json\/wp\/v2\/media?parent=6900"}],"curies":[{"name":"wp","href":"https:\/\/api.w.org\/{rel}","templated":true}]}}