{"id":6899,"date":"2017-06-27T17:42:07","date_gmt":"2017-06-27T17:42:07","guid":{"rendered":"https:\/\/www.gestoriaportol.com\/certificados-y-registros-civil\/"},"modified":"2019-04-20T14:39:57","modified_gmt":"2019-04-20T12:39:57","slug":"certificats-i-registre-civil","status":"publish","type":"page","link":"https:\/\/www.gestoriaportol.com\/ca\/certificats-i-registre-civil\/","title":{"rendered":"Certificats i Registre Civil"},"content":{"rendered":"<div class=\"seccion\">\n<h1>Certificats i Registres Civil<\/h1>\n<h2 id=\"CensosEmpadronamientos\">Censos i Empadronaments<\/h2>\n<p>El Cens o m\u00e9s conegut Padr\u00f3 Municipal o Empadronament \u00e9s l&#8217;acte pel qual una persona es troba inscrita o censada a l&#8217;Ajuntament de la localitat on resideix, independentment de la seva nacionalitat i de si compten o no amb l&#8217;oport\u00fa perm\u00eds de resid\u00e8ncia. Tots els ciutadans tenen el deure i el dret a estar censades o empadronades i les seves dades seran sempre guardats de forma confidencial.<\/p>\n<p>Entre d&#8217;altres, estar empadronat \u00e9s necessari per exercir el dret a vot, per accedir a programes de protecci\u00f3 social i rebre assist\u00e8ncia sanit\u00e0ria.<\/p>\n<p>A trav\u00e9s de la Gestoria P\u00f2rtol pot realitzar totes les gestions relatives al Cens o Empadronament, des de l&#8217;obtenci\u00f3 del mateix fins a qualsevol modificaci\u00f3 per canvi de domicili (nou habitatge, lloguer, etc).<\/p>\n<h3>Documentaci\u00f3 necess\u00e0ria:<\/h3>\n<ul>\n<li>DNI del sol\u00b7licitant.<\/li>\n<li>Escriptura de compravenda o contracte de lloguer, segons escaigui (nom\u00e9s en cas de voler canviar de domicili d&#8217;empadronament).<\/li>\n<\/ul>\n<h2 id=\"testamento\">Testament<\/h2>\n<p>El testament \u00e9s l&#8217;acte jur\u00eddic pel qual una persona disposa sobre el dest\u00ed que vol que segueixin els seus b\u00e9ns quan es produeixi la seva mort.<\/p>\n<p>Per tal de prevenir problemes futurs i d&#8217;assegurar que es compleixi la voluntat del testador, resulta aconsellable obtenir l&#8217;assessorament de professionals sobre la modalitat de testament m\u00e9s aconsellable i el seu contingut.<\/p>\n<p>Des de la Gestoria P\u00f2rtol t&#8217;assessorarem sobre qualsevol consulta que vulguis realitzar-nos, i li gestionarem tots els tr\u00e0mits necessaris per dur a terme l&#8217;elaboraci\u00f3 del testament.<\/p>\n<h2 id=\"denominacionSocial\">Certificat de Denominaci\u00f3 Social<\/h2>\n<p>El Certificat de Denominaci\u00f3 Social \u00e9s un document necessari i obligatori per a la constituci\u00f3 d&#8217;una societat mercantil. Aquest certificat serveix per acreditar que el nom triat per a la societat no coincideix o \u00e9s similar amb el d&#8217;una altra existent, i caldr\u00e0 adjuntar amb els tr\u00e0mits de constituci\u00f3 posteriors. Amb la concessi\u00f3 de la sol\u00b7licitud s&#8217;obt\u00e9 un Certificat favorable per a la seva utilitzaci\u00f3 en un termini de 6 mesos, i de 3 mesos per a realitzar l&#8217;Escriptura P\u00fablica davant notari i poder constituir la Societat.<\/p>\n<p>Des de la Gestoria P\u00f2rtol realitzem totes les gestions per sol\u00b7licitar a l&#8217;obtenci\u00f3 en el seu nom d&#8217;aquest Certificat de Denominaci\u00f3 Social. Per dur a terme aquesta sol\u00b7licitud, necessitem com a m\u00ednim la seg\u00fcent informaci\u00f3:<\/span><\/p>\n<ul>\n<li>Nom complet i cognoms d&#8217;un dels socis fundadors de la societat.<\/li>\n<li>Tres noms per a la denominaci\u00f3 social i el tipus de societat que s&#8217;est\u00e0 sol\u00b7licitant. (Societat Limitada, Societat Limitada Professional, Societat Limitada Laboral, Societat An\u00f2nima, Societat An\u00f2nima Professional, Societat An\u00f2nima Laboral, Societat Col\u00b7lectiva, etc.).<\/li>\n<li>Dades d&#8217;enviament un cop obtingut el certificat.<\/li>\n<\/ul>\n<h2 id=\"ultimasVoluntades\">Certificat d&#8217;\u00daltimes Voluntats<\/h2>\n<p>El Certificat d&#8217;\u00daltimes Voluntats \u00e9s el document que acredita si una persona ha atorgat testament\/s i davant de quin notari\/s. D&#8217;aquesta manera, els hereus podran dirigir-se al Notari autoritzant de l&#8217;\u00faltim testament i obtenir una c\u00f2pia (autoritzada) del mateix. Aquest document es precisa per a la realitzaci\u00f3 de qualsevol acte successori.<\/p>\n<p>Per poder realitzar la seva sol\u00b7licitud del Certificat d&#8217;\u00daltimes Voluntats es necessita obligat\u00f2riament que hagin transcorregut quinze dies h\u00e0bils a partir de la data de defunci\u00f3 i disposar del certificat de defunci\u00f3 original.<\/p>\n<p>A trav\u00e9s de la Gestoria P\u00f2rtol li gestionarem tots els tr\u00e0mits necessaris per obtenir el Certificat d&#8217;\u00daltimes Voluntats, incloent l&#8217;obtenci\u00f3 del Certificat de Defunci\u00f3 en cas de no disposar-ne. Demani informaci\u00f3 i pressupost sense comprom\u00eds a trav\u00e9s del mail de contacte o directament a les nostres oficines:<\/p>\n<p>Juntament amb aquest Certificat d&#8217;\u00daltimes Voluntats s&#8217;ha de sol\u00b7licitar el certificat de contractes d&#8217;assegurances de cobertura de mort que \u00e9s el document que acredita els contractes vigents en qu\u00e8 figurava com a assegurada la persona morta i amb quina entitat asseguradora. En cas que la persona morta no figur\u00e9s com a assegurada en cap contracte, tal extrem es far\u00e0 constar expressament en el certificat que s&#8217;emeti.<\/p>\n<p>Els contractes d&#8217;asseguran\u00e7a respecte dels quals \u00e9s possible obtenir un certificat s\u00f3n els relatius a les assegurances de vida amb cobertura de mort i a les assegurances d&#8217;accidents en els quals es cobreixi la conting\u00e8ncia de la mort de l&#8217;assegurat, ja es tracti de p\u00f2lisses individuals o col\u00b7lectives.<\/p>\n<h2 id=\"matrimonioNacimientoDefuncion\">CertificaT de Matrimoni, Naixement y Defunci\u00f3<\/h2>\n<p>Des de la Gestoria P\u00f2rtol pot obtenir el seu Certificat de Matrimoni, Certificat de Naixement o el Certificat de Defunci\u00f3 a les Balears i a la resta de Registres de tot Espanya, sense necessitat d&#8217;haver de realitzar despla\u00e7aments innecessaris i costosos al Registre Civil corresponent.<\/p>\n<p>Un cop obtingut el Certificat se li comunicar\u00e0 perqu\u00e8 pugui passar a recollir-lo, o b\u00e9 li ser\u00e0 enviat per missatgeria o correu postal a l&#8217;adre\u00e7a facilitada.<\/p>\n<\/div>\n","protected":false},"excerpt":{"rendered":"<p>Certificats i Registres Civil Censos i Empadronaments El Cens o m\u00e9s conegut Padr\u00f3 Municipal o Empadronament \u00e9s l&#8217;acte pel qual una persona es troba inscrita o censada a l&#8217;Ajuntament de la localitat on resideix, independentment de la seva nacionalitat i de si compten o no amb l&#8217;oport\u00fa perm\u00eds de resid\u00e8ncia. Tots els ciutadans tenen el&#8230;<\/p>\n","protected":false},"author":2,"featured_media":0,"parent":0,"menu_order":0,"comment_status":"closed","ping_status":"closed","template":"","meta":{"footnotes":""},"class_list":["post-6899","page","type-page","status-publish","hentry"],"_links":{"self":[{"href":"https:\/\/www.gestoriaportol.com\/ca\/wp-json\/wp\/v2\/pages\/6899","targetHints":{"allow":["GET"]}}],"collection":[{"href":"https:\/\/www.gestoriaportol.com\/ca\/wp-json\/wp\/v2\/pages"}],"about":[{"href":"https:\/\/www.gestoriaportol.com\/ca\/wp-json\/wp\/v2\/types\/page"}],"author":[{"embeddable":true,"href":"https:\/\/www.gestoriaportol.com\/ca\/wp-json\/wp\/v2\/users\/2"}],"replies":[{"embeddable":true,"href":"https:\/\/www.gestoriaportol.com\/ca\/wp-json\/wp\/v2\/comments?post=6899"}],"version-history":[{"count":3,"href":"https:\/\/www.gestoriaportol.com\/ca\/wp-json\/wp\/v2\/pages\/6899\/revisions"}],"predecessor-version":[{"id":7084,"href":"https:\/\/www.gestoriaportol.com\/ca\/wp-json\/wp\/v2\/pages\/6899\/revisions\/7084"}],"wp:attachment":[{"href":"https:\/\/www.gestoriaportol.com\/ca\/wp-json\/wp\/v2\/media?parent=6899"}],"curies":[{"name":"wp","href":"https:\/\/api.w.org\/{rel}","templated":true}]}}