{"id":6897,"date":"2018-02-09T19:02:41","date_gmt":"2018-02-09T18:02:41","guid":{"rendered":"https:\/\/www.gestoriaportol.com\/bajas\/"},"modified":"2024-07-30T14:09:43","modified_gmt":"2024-07-30T12:09:43","slug":"baixes","status":"publish","type":"page","link":"https:\/\/www.gestoriaportol.com\/ca\/baixes\/","title":{"rendered":"Baixes"},"content":{"rendered":"<section class=\"l-section wpb_row height_medium\"><div class=\"l-section-h i-cf\"><div class=\"g-cols vc_row via_flex valign_top type_default stacking_default\"><div class=\"vc_col-sm-4 wpb_column vc_column_container\"><div class=\"vc_column-inner\"><div class=\"wpb_wrapper\">[vc_wp_custommenu nav_menu=&#8221;25&#8243;]<\/div><\/div><\/div><div class=\"vc_col-sm-8 wpb_column vc_column_container\"><div class=\"vc_column-inner\"><div class=\"wpb_wrapper\"><div class=\"wpb_text_column\"><div class=\"wpb_wrapper\"><div class=\"cuadro\">\n<h2 id=\"bajas\" style=\"text-align: center;\">Baixes<\/h2>\n<p>Consisteix en comunicar al registre de la Direcci\u00f3 General de Tr\u00e0nsit que el vehicle ha estat retirat de la circulaci\u00f3, ja sigui de forma temporal o definitiva.<\/p>\n<h2 id=\"bajasTemporales\" style=\"text-align: center;\">Baixes temporals<\/h2>\n<p>Els motius m\u00e9s comuns per donar de baixa temporalment un vehicle s\u00f3n per una avaria important del vehicle i que no es reparar\u00e0 o trigar\u00e0 a reparar-se, pel robatori del mateix i es desconeix el seu parador, etc&#8230; encara que podem tramitar la baixa de forma temporal amb la simple voluntat del titular del vehicle, amb la sol\u00b7licitud de baixa i una autoritzaci\u00f3 per a la gestoria.<\/p>\n<p>El principal avantatge de donar de baixa un vehicle temporalment \u00e9s que no s&#8217;emetr\u00e0 l&#8217;impost de circulaci\u00f3 de l&#8217;ajuntament on estigui el domicili del vehicle durant el temps que el vehicle estigui de baixa (Sempre que siguin anys naturals sencers).<\/p>\n<p><ins>Per fer aquest tr\u00e0mit necessitarem la seg\u00fcent documentaci\u00f3:<\/ins><\/p>\n<ol>\n<li>DNI del titular del vehicle (En cas d&#8217;empresa: CIF + DNI de l&#8217;administrador i escriptures de constituci\u00f3 o poders)<\/li>\n<li>Perm\u00eds de circulaci\u00f3 original (En cas de p\u00e8rdua haur\u00e0 de signar una declaraci\u00f3 jurada de p\u00e8rdua)<\/li>\n<li>Fitxa t\u00e8cnica original (En cas de p\u00e8rdua haur\u00e0 de signar una declaraci\u00f3 jurada de p\u00e8rdua)<\/li>\n<\/ol>\n<p>Aquest tr\u00e0mit no \u00e9s telem\u00e0tic, per\u00f2 en una setmana estar\u00e0 finalitzat.<\/p>\n<h2 id=\"bajasDefinitivas\" style=\"text-align: center;\">Baixes Definitives<\/h2>\n<p>Per donar de baixa un vehicle de forma definitiva, la millor manera \u00e9s portar-lo a un centre de descontaminaci\u00f3 autoritzat per la Direcci\u00f3 General de Tr\u00e0nsit, ells s&#8217;encarreguen de destruir el vehicle i tramitar la baixa telem\u00e0ticament a Tr\u00e0nsit.<\/p>\n<p><ins>Des de La Gestoria P\u00f2rtol podem tramitar les baixes definitives nom\u00e9s en dos sup\u00f2sits::<\/ins><\/p>\n<ol>\n<li>Baixa por exportaci\u00f3<\/li>\n<li>Baixa d\u2019un vehicle Hist\u00f2ric<\/li>\n<\/ol>\n<p><ins>Per a ambdues baixes la documentaci\u00f3 \u00e9s la mateixa que les baixes temporals:<\/ins><\/p>\n<ol>\n<li>DNI del titular del vehicle (En cas d&#8217;empresa: CIF + DNI de l&#8217;administrador i escriptures de constituci\u00f3 o poders)<\/li>\n<li>Perm\u00eds de circulaci\u00f3 original (En cas de p\u00e8rdua haur\u00e0 de signar una declaraci\u00f3 jurada de p\u00e8rdua)<\/li>\n<li>Fitxa t\u00e8cnica original (En cas de p\u00e8rdua haur\u00e0 de signar una declaraci\u00f3 jurada de p\u00e8rdua)<\/li>\n<\/ol>\n<p><strong>1)<\/strong> En el cas que el comprador i\/o venedor sigui una persona jur\u00eddica la documentaci\u00f3 a presentar de l&#8217;empresa \u00e9s la seg\u00fcent:<\/p>\n<p>CIF de l&#8217;empresa<\/p>\n<p>DNI de l&#8217;administrador<\/p>\n<p>Escriptura de constituci\u00f3 o poders (on figuri l&#8217;administrador)<\/p>\n<p><strong>2)<\/strong> En el cas de p\u00e8rdua de la documentaci\u00f3 del vehicle, el titular haur\u00e0 de signar una declaraci\u00f3 jurada de p\u00e8rdua.<\/p>\n<p>Aquest tr\u00e0mit no \u00e9s telem\u00e0tic, per\u00f2 en una setmana estar\u00e0 finalitzat.<\/p>\n<\/div>\n<\/div><\/div><\/div><\/div><\/div><\/div><\/div><\/section><section class=\"l-section wpb_row height_small\"><div class=\"l-section-h i-cf\"><div class=\"g-cols vc_row via_flex valign_top type_default stacking_default\"><div class=\"vc_col-sm-12 wpb_column vc_column_container\"><div class=\"vc_column-inner\"><div class=\"wpb_wrapper\"><div class=\"g-cols wpb_row via_flex valign_top type_default stacking_default\"><div class=\"vc_col-sm-8 wpb_column vc_column_container\"><div class=\"vc_column-inner\"><div class=\"wpb_wrapper\"><div class=\"wpb_text_column\"><div class=\"wpb_wrapper\"><p class=\"contacto\">Pressupost<\/p>\n<hr \/>\n<\/div><\/div>\n<div class=\"wpcf7 no-js\" id=\"wpcf7-f6896-o1\" lang=\"es-ES\" dir=\"ltr\" data-wpcf7-id=\"6896\">\n<div class=\"screen-reader-response\"><p role=\"status\" aria-live=\"polite\" aria-atomic=\"true\"><\/p> <ul><\/ul><\/div>\n<form action=\"\/ca\/wp-json\/wp\/v2\/pages\/6897#wpcf7-f6896-o1\" method=\"post\" class=\"wpcf7-form init wpcf7-acceptance-as-validation\" aria-label=\"Formulario de contacto\" novalidate=\"novalidate\" data-status=\"init\">\n<fieldset class=\"hidden-fields-container\"><input type=\"hidden\" name=\"_wpcf7\" value=\"6896\" \/><input type=\"hidden\" name=\"_wpcf7_version\" value=\"6.1.5\" \/><input type=\"hidden\" name=\"_wpcf7_locale\" value=\"es_ES\" \/><input type=\"hidden\" name=\"_wpcf7_unit_tag\" value=\"wpcf7-f6896-o1\" \/><input type=\"hidden\" name=\"_wpcf7_container_post\" value=\"0\" \/><input type=\"hidden\" name=\"_wpcf7_posted_data_hash\" value=\"\" \/>\n<\/fieldset>\n<div id=\"responsive-form\" class=\"clearfix\">\n\t<div class=\"form-row\">\n\t\t<div class=\"column-half\">\n\t\t\t<p>Nom <span class=\"wpcf7-form-control-wrap\" data-name=\"first-name\"><input size=\"40\" maxlength=\"400\" class=\"wpcf7-form-control wpcf7-text wpcf7-validates-as-required\" aria-required=\"true\" aria-invalid=\"false\" value=\"\" type=\"text\" name=\"first-name\" \/><\/span>\n\t\t\t<\/p>\n\t\t<\/div>\n\t\t<div class=\"column-half\">\n\t\t\t<p>Llinatges <span class=\"wpcf7-form-control-wrap\" data-name=\"last-name\"><input size=\"40\" maxlength=\"400\" class=\"wpcf7-form-control wpcf7-text wpcf7-validates-as-required\" aria-required=\"true\" aria-invalid=\"false\" value=\"\" type=\"text\" name=\"last-name\" \/><\/span>\n\t\t\t<\/p>\n\t\t<\/div>\n\t<\/div>\n\t<div class=\"form-row\">\n\t\t<div class=\"column-half\">\n\t\t\t<p>Email <span class=\"wpcf7-form-control-wrap\" data-name=\"your-email\"><input size=\"40\" maxlength=\"400\" class=\"wpcf7-form-control wpcf7-email wpcf7-validates-as-required wpcf7-text wpcf7-validates-as-email\" aria-required=\"true\" aria-invalid=\"false\" value=\"\" type=\"email\" name=\"your-email\" \/><\/span>\n\t\t\t<\/p>\n\t\t<\/div>\n\t\t<div class=\"column-half\">\n\t\t\t<p>Tel\u00e8fon <span class=\"wpcf7-form-control-wrap\" data-name=\"your-phone\"><input class=\"wpcf7-form-control wpcf7-number wpcf7-validates-as-required wpcf7-validates-as-number\" min=\"100000000\" max=\"999999999\" aria-required=\"true\" aria-invalid=\"false\" value=\"\" type=\"number\" name=\"your-phone\" \/><\/span>\n\t\t\t<\/p>\n\t\t<\/div>\n\t<\/div>\n\t<div class=\"form-row\">\n\t\t<div class=\"column-half\">\n\t\t\t<p>Tipus de vehicle <span class=\"wpcf7-form-control-wrap\" data-name=\"Tipo-vehiculo\"><select class=\"wpcf7-form-control wpcf7-select wpcf7-validates-as-required\" aria-required=\"true\" aria-invalid=\"false\" name=\"Tipo-vehiculo\"><option value=\"Selecciona\">Selecciona<\/option><option value=\"Turisme\/Furgoneta\">Turisme\/Furgoneta<\/option><option value=\"Tot-terreny\">Tot-terreny<\/option><option value=\"Motocicleta\">Motocicleta<\/option><option value=\"Ciclomotor\">Ciclomotor<\/option><option value=\"Vehicle agr\u00edcola\">Vehicle agr\u00edcola<\/option><option value=\"Remolc\">Remolc<\/option><option value=\"Vehicle pesat\">Vehicle pesat<\/option><option value=\"Moto n\u00e0utica\">Moto n\u00e0utica<\/option><option value=\"Embarcacions\">Embarcacions<\/option><\/select><\/span>\n\t\t\t<\/p>\n\t\t<\/div>\n\t\t<div class=\"column-half\">\n\t\t\t<p>Matr\u00edcula <span class=\"wpcf7-form-control-wrap\" data-name=\"matricula\"><input size=\"40\" maxlength=\"400\" class=\"wpcf7-form-control wpcf7-text wpcf7-validates-as-required\" aria-required=\"true\" aria-invalid=\"false\" value=\"\" type=\"text\" name=\"matricula\" \/><\/span>\n\t\t\t<\/p>\n\t\t<\/div>\n\t<\/div>\n\t<div class=\"form-row\">\n\t\t<div class=\"column-full\">\n\t\t\t<p>Misatge (opcional) <span class=\"wpcf7-form-control-wrap\" data-name=\"your-message\"><textarea cols=\"40\" rows=\"10\" maxlength=\"2000\" class=\"wpcf7-form-control wpcf7-textarea\" aria-invalid=\"false\" name=\"your-message\"><\/textarea><\/span>\n\t\t\t<\/p>\n\t\t<\/div>\n\t<\/div>\n\t<div class=\"form-row\">\n\t\t<div class=\"column-full\">\n\t\t\t<p><input class=\"wpcf7-form-control wpcf7-submit has-spinner\" type=\"submit\" value=\"Sol\u00b7licitar\" \/><label class=\"termsandconditions\"><span class=\"wpcf7-form-control-wrap\" data-name=\"accept-this-1\"><span class=\"wpcf7-form-control wpcf7-acceptance\"><span class=\"wpcf7-list-item\"><input type=\"checkbox\" name=\"accept-this-1\" value=\"1\" aria-invalid=\"false\" \/><\/span><\/span><\/span> He llegit i accepto la <a target=\"blank\" href=\"https:\/\/www.gestoriaportol.com\/ca\/clausula-de-privacidad\/\">Cl\u00e0usula de privacitat<\/a><\/label>\n\t\t\t<\/p>\n\t\t<\/div>\n\t<\/div>\n<\/div><!--end responsive-form--><p style=\"display: none !important;\" class=\"akismet-fields-container\" data-prefix=\"_wpcf7_ak_\"><label>&#916;<textarea name=\"_wpcf7_ak_hp_textarea\" cols=\"45\" rows=\"8\" maxlength=\"100\"><\/textarea><\/label><input type=\"hidden\" id=\"ak_js_1\" name=\"_wpcf7_ak_js\" value=\"136\"\/><script>document.getElementById( \"ak_js_1\" ).setAttribute( \"value\", ( new Date() ).getTime() );<\/script><\/p><div class=\"wpcf7-response-output\" aria-hidden=\"true\"><\/div>\n<\/form>\n<\/div>\n<\/div><\/div><\/div><div class=\"vc_col-sm-4 wpb_column vc_column_container\"><div class=\"vc_column-inner\"><div class=\"wpb_wrapper\"><div class=\"wpb_text_column\"><div class=\"wpb_wrapper\"><p class=\"contacto\">Ubicaci\u00f3<\/p>\n<hr \/>\n<\/div><\/div><div class=\"w-map provider_google us_custom_4b7c0ab9\" id=\"us_map_1\"><div class=\"w-map-inner\"><div class=\"w-map-json\" onclick='return {&quot;address&quot;:&quot;39.605415, 2.669255&quot;,&quot;disableDragging&quot;:0,&quot;disableZoom&quot;:0,&quot;hideControls&quot;:0,&quot;zoom&quot;:15,&quot;markers&quot;:[{&quot;address&quot;:&quot;39.605415, 2.669255&quot;,&quot;html&quot;:&quot;&lt;h5&gt;Gestor\\u00eda P\\u00f2rtol&lt;\\\/h5&gt;\\nGran Via Asima, 15, 1r Esquerra&lt;br\\\/&gt;\\nPol\\u00edgon Son Castell\\u00f3 - 07009 Palma&lt;br\\\/&gt;\\nTel\\u00e8fon: 971 908095&lt;br\\\/&gt;\\nEmail: &lt;a href=\\&quot;mailto:info@gestoriaportol.com?subject=Contacto web\\&quot;&gt;info@gestoriaportol.com&lt;\\\/a&gt;&quot;,&quot;infowindow&quot;:0}],&quot;maptype&quot;:&quot;ROADMAP&quot;}'><\/div><\/div><\/div><div class=\"wpb_text_column\"><div class=\"wpb_wrapper\"><p style=\"margin-top: 10px;\">Vine a veure&#8217;ns!<\/p>\n<p>Gran Via Asima, 15, 1\u00ba esquerra<br \/>\nPol\u00edgon Son Castell\u00f3 &#8211; 07009 Palma<br \/>\nTel\u00e8fon: (+34) <strong>971 908095<\/strong><br \/>\nEmail: <a href=\"mailto:info@gestoriaportol.com?subject=Contacto web\">info@gestoriaportol.com<\/a><\/p>\n<p>T&#8217;esperam de:<br \/>\nDilluns a divendres: 8:00 a 20:00 h.<br \/>\nDissabtes: de 9:00 a 13:00 h.<\/p>\n<\/div><\/div><div class=\"w-socials us_custom_a5c88937 color_brand shape_circle style_outlined hover_fade\" style=\"--gap:0.1em;\"><div class=\"w-socials-list\"><div class=\"w-socials-item email\"><a href=\"mailto:info@gestoriaportol.com\" class=\"w-socials-item-link\" aria-label=\"Correu electr\u00f2nic\"><span class=\"w-socials-item-link-hover\"><\/span><i class=\"fas fa-envelope\"><\/i><\/a><div class=\"w-socials-item-popup\"><span>Correu electr\u00f2nic<\/span><\/div><\/div><div class=\"w-socials-item facebook\"><a target=\"_blank\" rel=\"nofollow\" href=\"https:\/\/www.facebook.com\/gestoriaportol\/\" class=\"w-socials-item-link\" aria-label=\"Facebook\"><span class=\"w-socials-item-link-hover\"><\/span><i class=\"fab fa-facebook\"><\/i><\/a><div class=\"w-socials-item-popup\"><span>Facebook<\/span><\/div><\/div><div class=\"w-socials-item linkedin\"><a target=\"_blank\" rel=\"nofollow\" href=\"https:\/\/www.linkedin.com\/company\/gestoria-portol\/\" class=\"w-socials-item-link\" aria-label=\"LinkedIn\"><span class=\"w-socials-item-link-hover\"><\/span><i class=\"fab fa-linkedin\"><\/i><\/a><div class=\"w-socials-item-popup\"><span>LinkedIn<\/span><\/div><\/div><\/div><\/div><\/div><\/div><\/div><\/div><\/div><\/div><\/div><\/div><\/div><\/section>\n","protected":false},"excerpt":{"rendered":"[vc_wp_custommenu nav_menu=\"25\"] Baixes Consisteix en comunicar al registre de la Direcci\u00f3 General de Tr\u00e0nsit que el vehicle ha estat retirat de la circulaci\u00f3, ja sigui de forma temporal o definitiva. Baixes temporals Els motius m\u00e9s comuns per donar de baixa temporalment un vehicle s\u00f3n per una avaria important del vehicle i que no es reparar\u00e0...","protected":false},"author":2,"featured_media":0,"parent":0,"menu_order":0,"comment_status":"closed","ping_status":"closed","template":"","meta":{"footnotes":""},"class_list":["post-6897","page","type-page","status-publish","hentry"],"_links":{"self":[{"href":"https:\/\/www.gestoriaportol.com\/ca\/wp-json\/wp\/v2\/pages\/6897","targetHints":{"allow":["GET"]}}],"collection":[{"href":"https:\/\/www.gestoriaportol.com\/ca\/wp-json\/wp\/v2\/pages"}],"about":[{"href":"https:\/\/www.gestoriaportol.com\/ca\/wp-json\/wp\/v2\/types\/page"}],"author":[{"embeddable":true,"href":"https:\/\/www.gestoriaportol.com\/ca\/wp-json\/wp\/v2\/users\/2"}],"replies":[{"embeddable":true,"href":"https:\/\/www.gestoriaportol.com\/ca\/wp-json\/wp\/v2\/comments?post=6897"}],"version-history":[{"count":6,"href":"https:\/\/www.gestoriaportol.com\/ca\/wp-json\/wp\/v2\/pages\/6897\/revisions"}],"predecessor-version":[{"id":7312,"href":"https:\/\/www.gestoriaportol.com\/ca\/wp-json\/wp\/v2\/pages\/6897\/revisions\/7312"}],"wp:attachment":[{"href":"https:\/\/www.gestoriaportol.com\/ca\/wp-json\/wp\/v2\/media?parent=6897"}],"curies":[{"name":"wp","href":"https:\/\/api.w.org\/{rel}","templated":true}]}}